{"id":46,"date":"2024-12-10T21:09:00","date_gmt":"2024-12-10T21:09:00","guid":{"rendered":"https:\/\/innsaei.com.mx\/beta\/about\/"},"modified":"2024-12-18T20:00:59","modified_gmt":"2024-12-18T20:00:59","slug":"about","status":"publish","type":"page","link":"https:\/\/innsaei.com.mx\/beta\/about\/","title":{"rendered":"Nuestra Filosof\u00eda"},"content":{"rendered":"\n\n\n<p>Lorem Ipsum has been the industry&#8217;s standard dummy text ever since the 1500s.<\/p>\n\n\n<h2>Inns\u00e6i<\/h2>\n<p style=\"text-align: justify;\">Inns\u00e6i es una antigua palabra islandesa que se utiliza para referirse a la Intuici\u00f3n. Representa \u201cEl Mar Interior\u201d (la naturaleza de nuestro mundo interior; un mundo de visi\u00f3n, sentimientos e imaginaci\u00f3n en constante movimiento); \u201cVer Dentro\u201d (conocernos a nosotros mismos para ponernos en el lugar de los dem\u00e1s) y \u201cVer de Adentro Hacia Afuera\u201d (La br\u00fajula interna que nos lleva a navegar un mundo en constante cambio).<\/p><p style=\"text-align: justify;\"><br><\/p><p style=\"text-align: justify;\">Estas tres definiciones se conectan para referirse al poder de la Intuici\u00f3n,&nbsp; ahondar en el arte de la introspecci\u00f3n como una necesidad en un mundo lleno de distracciones, desconexi\u00f3n y estr\u00e9s. <br><br>Inns\u00e6i es un&nbsp;viaje espiritual y consciente para reconectar con nuestra esencia.<br><br>Te damos la bienvenida a Inns\u00e6i&nbsp;Studio.&nbsp;Mente, cuerpo y esp\u00edritu en perfecta armon\u00eda.<\/p>\n\n\n\n\n\n\n\n\n<h2>\u00bfPor qu\u00e9 escogernos?<\/h2>\n<p>Para practicar Yoga &amp; Pilates es muy importante que recibas la instrucci\u00f3n de un maestro certificado y confiable.<\/p>\n\n\n\n\n\n\n<p><span>Camas Reformer de la m\u00e1s alta Calidad, para que tu experiencia sea \u00fanica.<\/span><\/p>\n\n\n<p><span>Maestros certificados que ayudar\u00e1n a que tu entrenamiento sea aprovechado al m\u00e1ximo.<\/span><\/p>\n\n\n<p><span>Lo m\u00e1s importante es tu salud. Te guiaremos en todo momento para cuidar tu bienestar integral.<br><\/span><\/p>\n\n\n\n\n","protected":false},"excerpt":{"rendered":"","protected":false},"author":1,"featured_media":0,"parent":0,"menu_order":0,"comment_status":"closed","ping_status":"closed","template":"","meta":{"pagelayer_contact_templates":[],"_pagelayer_content":"","footnotes":""},"class_list":["post-46","page","type-page","status-publish","hentry"],"_links":{"self":[{"href":"https:\/\/innsaei.com.mx\/beta\/wp-json\/wp\/v2\/pages\/46","targetHints":{"allow":["GET"]}}],"collection":[{"href":"https:\/\/innsaei.com.mx\/beta\/wp-json\/wp\/v2\/pages"}],"about":[{"href":"https:\/\/innsaei.com.mx\/beta\/wp-json\/wp\/v2\/types\/page"}],"author":[{"embeddable":true,"href":"https:\/\/innsaei.com.mx\/beta\/wp-json\/wp\/v2\/users\/1"}],"replies":[{"embeddable":true,"href":"https:\/\/innsaei.com.mx\/beta\/wp-json\/wp\/v2\/comments?post=46"}],"version-history":[{"count":10,"href":"https:\/\/innsaei.com.mx\/beta\/wp-json\/wp\/v2\/pages\/46\/revisions"}],"predecessor-version":[{"id":130,"href":"https:\/\/innsaei.com.mx\/beta\/wp-json\/wp\/v2\/pages\/46\/revisions\/130"}],"wp:attachment":[{"href":"https:\/\/innsaei.com.mx\/beta\/wp-json\/wp\/v2\/media?parent=46"}],"curies":[{"name":"wp","href":"https:\/\/api.w.org\/{rel}","templated":true}]}}