{"id":44,"date":"2024-12-10T21:09:00","date_gmt":"2024-12-10T21:09:00","guid":{"rendered":"https:\/\/innsaei.com.mx\/beta\/home\/"},"modified":"2024-12-23T15:50:59","modified_gmt":"2024-12-23T15:50:59","slug":"home","status":"publish","type":"page","link":"https:\/\/innsaei.com.mx\/beta\/","title":{"rendered":"Home"},"content":{"rendered":"\n\n\n\n\n\n<h2>Nuestras Clases<\/h2>\n\n\n\n\n\n\n\n<p>Se practica sobre una colchoneta o tapete \u00abMat\u00bb y su objetivo es realizar ejercicios de fuerza y elongaci\u00f3n a trav\u00e9s de la contracci\u00f3n muscular.<\/p>\n\n\n<p>Lorem Ipsum has been the industry&#8217;s standard dummy text ever since the 1500s.<\/p>\n\n\n<p>Combina&nbsp;los principios de los pilates&nbsp;con el uso de un aparato especializado que permite que la pr\u00e1ctica sea m\u00e1s intensa, haciendo que aumente la capacidad de resistencia.<\/p>\n\n\n\n\n<p>Lorem Ipsum has been the industry&#8217;s standard dummy text ever since the 1500s.<\/p>\n\n\n\n<p><span>Es una pr\u00e1ctica milenaria que conecta el cuerpo, la respiraci\u00f3n y la mente. Utiliza posturas f\u00edsicas, ejercicios de respiraci\u00f3n y meditaci\u00f3n que mejora la salud en general.<\/span><\/p>\n\n\n\n<p>Lorem Ipsum has been the industry&#8217;s standard dummy text ever since the 1500s.<\/p>\n\n\n\n\n<h2>Horario<\/h2>\n\n\n\n\n\n\n\n\n\n\n\n\n\n<h5>\u00bfTienes alguna pregunta o comentario?<\/h5>\n\n<h2>Env\u00edanos un Mensaje<\/h2>\n\n\n\n\n\n\n\n\n\n\n<p>Lorem Ipsum has been the industry&#8217;s standard dummy text ever since the 1500s.<\/p>\n\n\n","protected":false},"excerpt":{"rendered":"","protected":false},"author":1,"featured_media":0,"parent":0,"menu_order":0,"comment_status":"closed","ping_status":"closed","template":"","meta":{"pagelayer_contact_templates":{"chl2977":{"from_email":"$email","cont_subject":"Mensaje Home","cont_body":"$Firstname \n$Lastname\n$email\n$phone\n$mensaje"}},"_pagelayer_content":"","footnotes":""},"class_list":["post-44","page","type-page","status-publish","hentry"],"_links":{"self":[{"href":"https:\/\/innsaei.com.mx\/beta\/wp-json\/wp\/v2\/pages\/44","targetHints":{"allow":["GET"]}}],"collection":[{"href":"https:\/\/innsaei.com.mx\/beta\/wp-json\/wp\/v2\/pages"}],"about":[{"href":"https:\/\/innsaei.com.mx\/beta\/wp-json\/wp\/v2\/types\/page"}],"author":[{"embeddable":true,"href":"https:\/\/innsaei.com.mx\/beta\/wp-json\/wp\/v2\/users\/1"}],"replies":[{"embeddable":true,"href":"https:\/\/innsaei.com.mx\/beta\/wp-json\/wp\/v2\/comments?post=44"}],"version-history":[{"count":14,"href":"https:\/\/innsaei.com.mx\/beta\/wp-json\/wp\/v2\/pages\/44\/revisions"}],"predecessor-version":[{"id":141,"href":"https:\/\/innsaei.com.mx\/beta\/wp-json\/wp\/v2\/pages\/44\/revisions\/141"}],"wp:attachment":[{"href":"https:\/\/innsaei.com.mx\/beta\/wp-json\/wp\/v2\/media?parent=44"}],"curies":[{"name":"wp","href":"https:\/\/api.w.org\/{rel}","templated":true}]}}